{"id":3,"date":"2020-10-20T07:34:49","date_gmt":"2020-10-20T07:34:49","guid":{"rendered":"https:\/\/autotech.aplikacije.hr\/?page_id=3"},"modified":"2025-12-30T09:13:58","modified_gmt":"2025-12-30T09:13:58","slug":"sesvete-pravila-privatnosti","status":"publish","type":"page","link":"https:\/\/autotech.aplikacije.hr\/en\/sesvete-pravila-privatnosti\/","title":{"rendered":"Pravila Privatnosti Sesvete"},"content":{"rendered":"<div data-elementor-type=\"wp-page\" data-elementor-id=\"3\" class=\"elementor elementor-3\" data-elementor-post-type=\"page\">\n\t\t\t\t<div class=\"elementor-element elementor-element-c2e88ae e-flex e-con-boxed e-con e-parent\" data-id=\"c2e88ae\" data-element_type=\"container\" data-settings=\"{&quot;background_background&quot;:&quot;classic&quot;}\">\n\t\t\t\t\t<div class=\"e-con-inner\">\n\t\t\t\t<div class=\"elementor-element elementor-element-703ecef elementor-widget__width-inherit elementor-widget elementor-widget-heading\" data-id=\"703ecef\" data-element_type=\"widget\" data-widget_type=\"heading.default\">\n\t\t\t\t<div class=\"elementor-widget-container\">\n\t\t\t<div class=\"elementor-heading-title elementor-size-default\">Privacy Policy<\/div>\t\t<\/div>\n\t\t\t\t<\/div>\n\t\t\t\t\t<\/div>\n\t\t\t\t<\/div>\n\t\t\t\t<section class=\"elementor-section elementor-top-section elementor-element elementor-element-2643aa1a elementor-section-boxed elementor-section-height-default elementor-section-height-default\" data-id=\"2643aa1a\" data-element_type=\"section\">\n\t\t\t\t\t\t<div class=\"elementor-container elementor-column-gap-default\">\n\t\t\t\t\t<div class=\"elementor-column elementor-col-100 elementor-top-column elementor-element elementor-element-1553fd88\" data-id=\"1553fd88\" data-element_type=\"column\">\n\t\t\t<div class=\"elementor-widget-wrap elementor-element-populated\">\n\t\t\t\t\t\t<div class=\"elementor-element elementor-element-c88f2fb elementor-widget elementor-widget-text-editor\" data-id=\"c88f2fb\" data-element_type=\"widget\" data-widget_type=\"text-editor.default\">\n\t\t\t\t<div class=\"elementor-widget-container\">\n\t\t\t\t\t\t\t<p>We take the protection of your personal data very seriously and strive to make the use of our services as safe as possible. We are committed to complying with data protection laws. This privacy statement explains what data we collect from you, the purpose for which it is used, and how we protect it.\u00a0<\/p><p>\u00a0<strong>Content<\/strong><\/p><ul><li>Scope of application<\/li><li>What data we collect and share<\/li><li>Third-party tracking on the internet<\/li><li>Conversion tracking using the Facebook Pixel<\/li><li>Sharing<\/li><li>Use of data<\/li><li>Data security and sharing<\/li><li>Right of withdrawal, access to information, data changes and contact<\/li><\/ul><ol><li><u><\/u><strong> Scope of application<\/strong><\/li><\/ol><p>This statement applies to the use of services and materials of Jurateh d.o.o. (hereinafter referred to as: Jurateh d.o.o.) by the clients of Jurateh d.o.o., as well as to employment at Jurateh d.o.o.<\/p><p>Please note that, as part of improving our services, updates to this privacy statement may be necessary. In such cases, we will inform you accordingly.<\/p><ol start=\"2\"><li><u><\/u><strong> What data we collect and share<\/strong><\/li><\/ol><p>The personal data we process includes information about you as a client, collected when you place orders or visit Jurateh d.o.o., or when you complete the client consent form. It also includes data about you as an employee of Jurateh d.o.o., in accordance with labor laws and other applicable regulations, as well as data collected during payments via bank account or when establishing and fulfilling contractual relationships between you and Jurateh d.o.o., which may be directly or indirectly linked to you. This data includes: full name, phone number(s), residential address, email address, date of birth, personal identification number (OIB), and bank details in the case of bank payments.<\/p><p>\u00a0<\/p>\t\t\t\t\t\t<\/div>\n\t\t\t\t<\/div>\n\t\t\t\t<div class=\"elementor-element elementor-element-d0d04bd elementor-widget elementor-widget-text-editor\" data-id=\"d0d04bd\" data-element_type=\"widget\" id=\"kolacici\" data-widget_type=\"text-editor.default\">\n\t\t\t\t<div class=\"elementor-widget-container\">\n\t\t\t\t\t\t\t<ol start=\"3\"><li><u><\/u><strong> Third-party tracking on the internet<\/strong><\/li><\/ol><p>You can use our website without registering and\/or logging in, during which the following tools may be used:<\/p><p><strong>Cookies<\/strong><\/p><p>To improve your browsing experience on this website, we need to store a small amount of information (cookies) on your device. Over 90% of all websites use this practice; however, in accordance with European Union regulations since March 25, 2011, we are required to obtain your consent before storing cookies. <strong>By using our website, you consent to the use of cookies. <\/strong>By blocking cookies, you can still browse the website, but some features may not be available to you.<\/p><p><strong>What is a cookie? <\/strong>A cookie is a piece of information stored on your device by the website you visit. Cookies typically store your preferences, such as language settings or other website options. When you revisit the same website, your browser sends the cookies back to that site, allowing it to display information tailored to your needs.<\/p><p>The processes of storing and sending cookies are not visible to you. However, you can change your browser settings to choose whether to accept or reject cookie requests, automatically delete stored cookies when closing your browser, and more.<\/p><p><strong>Google AdWords<\/strong><\/p><p>This tool may be used to store website visits for advertising purposes (remarketing) within Google and the Google Display Network. Your browser stores cookies during your visit, which allow you to be recognized as a visitor when you access websites within the Google network. On these websites, you may be shown ads related to content you previously viewed on other websites that use Google\u2019s remarketing features. You can opt out of data collection through Google AdWords on the website <a href=\"http:\/\/www.google.com\/settings\/ads\">http:\/\/www.google.com\/settings\/ads.<\/a><\/p><p><strong>Google AdWords conversion tracking<\/strong><\/p><p>This allows the creation of conversion statistics used to measure the effectiveness of our online advertising campaigns. A conversion tracking cookie is set when a user clicks on a Google ad. According to Google\u2019s data protection policies, no personal data is processed. If you do not wish to participate in tracking, you can disable the use of this data by deactivating the Google conversion tracking cookie in your browser\u2019s cookie settings.<\/p><p>Please note that most web browsers accept cookies by default through their standard settings. You can adjust your browser settings to block all or specific cookies, or to require your approval before accepting new cookies. Instructions on how to manage cookies can usually be found in the \u201cHelp\u201d section of your browser menu, where you will also find guidance on deleting previously stored cookies.<\/p><ol start=\"4\"><li><u><\/u><strong> Conversion tracking using the Facebook Pixel<\/strong><\/li><\/ol><p>As part of our online presence, we use the Facebook \u201cVisitor Activity Tracking Pixel\u201d provided by Facebook Inc., 1601 S. California Ave, Palo Alto, CA 94304, USA (\u201cFacebook\u201d). This is a \u201ccookie,\u201d a small text file stored on your device that can be retrieved from it. As part of our online presence, we use the Facebook \u201cVisitor Activity Tracking Pixel\u201d provided by Facebook Inc., 1601 S. California Ave, Palo Alto, CA 94304, USA (\u201cFacebook\u201d). This is a \u201ccookie,\u201d a small text file stored on your device that can be retrieved from it. The data collected in this way is anonymous to us and cannot be linked to the identity of users. However, this data is stored and processed by Facebook, which may associate it with the respective user profile and use it for its own advertising purposes in accordance with Facebook\u2019s Data Policy<a href=\"http:\/\/www.facebook.com\/about\/privacy\/)\">\/www HYPERLINK \u201chttp:\/\/www.facebook.com\/about\/privacy\/)\u201d.facebook.com\/about\/privacy\/). <\/a>You can allow Facebook and its partners to display advertisements to you on and off Facebook. For this purpose, a \u201ccookie\u201d will be stored on your device. For more information, please refer to the data protection policy of the respective social network.<\/p><ol start=\"5\"><li><strong> Sharing<\/strong><\/li><\/ol><p>Our website includes integrated social media sharing buttons. <strong>Facebook<\/strong>, 1601 South California Avenue, Palo Alto, CA 94304, USA, as well as <strong>Instagram<\/strong>, <a href=\"https:\/\/www.google.hr\/search?dcr=0&amp;q=San%2BBruno%2BCalifornia&amp;stick=H4sIAAAAAAAAAOPgE-LUz9U3sMxKLitW4gAxi0wrzLS0spOt9POL0hPzMqsSSzLz81A4VhmpiSmFpYlFJalFxQDnKBMdQwAAAA&amp;sa=X&amp;ved=0ahUKEwjuvfHVo6_aAhUrKcAKHRg3DicQmxMI4wEoATAb\">San Francisco, California, SAD. <\/a>In addition, an email sharing option may also be integrated. You can recognize sharing features by their logos.<\/p><p>A direct connection between your browser and the servers of the respective social network operator is established only when you click on the relevant sharing button on our website (and only at that moment). According to the operators of these social networks, no personal data is collected unless you click on the sharing button. For users who are logged into the respective social network, certain data\u2014including the IP address\u2014may be collected and processed. If you do not want your visit to our website to be associated with your social media account, please log out of your account on the respective social network. A direct connection to the social network is only established when you actively click on a sharing button. No personal data is collected without this action. However, if you are logged in, certain data (including your IP address) may be processed. To prevent this, please log out of your social media account before visiting our website.<\/p><p>At this point, we emphasize that Jurateh d.o.o. has no access to the content of the transmitted data or to how it is used by social networks. For more information on how social networks use data, please refer to their respective privacy policies.<\/p>\t\t\t\t\t\t<\/div>\n\t\t\t\t<\/div>\n\t\t\t\t<div class=\"elementor-element elementor-element-4682d24 elementor-widget elementor-widget-text-editor\" data-id=\"4682d24\" data-element_type=\"widget\" id=\"koristenje-podataka\" data-widget_type=\"text-editor.default\">\n\t\t\t\t<div class=\"elementor-widget-container\">\n\t\t\t\t\t\t\t<ol start=\"6\"><li><u><\/u><strong> Use of data<\/strong><\/li><\/ol><p>We use your personal data in full compliance with legal regulations.<\/p><p>The personal data you provide when placing orders, visiting Jurateh d.o.o., completing the client consent form, making bank payments, or establishing and fulfilling contractual relationships with Jurateh d.o.o. will be collected and processed exclusively for the purpose of fulfilling our legal obligations (e.g. employee data required under labor law) or contractual obligations toward you, based on your consent.<\/p><p>With your explicit consent, we may use your data to communicate with you, send service-related information (including birthday greetings), and inform you about our services, special offers, discounts, news, workshops, educational events, and promotions, as part of our marketing activities.<\/p><ol start=\"7\"><li><u><\/u><strong> Data security and sharing<\/strong><\/li><\/ol><p>To protect your data, we use passwords, web firewalls, antivirus software, and other security measures in line with current technological standards. When communicating via email, data security during transmission can only be guaranteed in accordance with the current state of technology.<\/p><p>Client data specified in the consent form is stored in both physical and electronic formats. Original documents are secured in a locked cabinet, and access to electronic records is password-protected. The retention period for such data is two years from the client\u2019s last interaction with Jurateh d.o.o.<\/p><p>Original client consent forms are physically destroyed two years after the date of the client\u2019s last interaction with Jurateh d.o.o.<\/p><p>Access to the client data list and client consent forms is granted to the director of Jurateh d.o.o. as the responsible person, as well as to employees of Jurateh d.o.o., as such access is necessary for the performance of obligations and services provided to clients, and is regulated in accordance with applicable legislation. Each client has the right to access the personal data held about them in the client list of Jurateh d.o.o. and any data processed about them (for example, in service user records).<\/p><p>Personal data provided by the client for payment via bank transfer is collected in electronic form and stored on a computer, with access protected by a password. Access to this data is granted to the director of Jurateh d.o.o. The retention period for this data is determined in accordance with applicable regulations, particularly accounting regulations.<\/p><p>Personal data is retained only for as long as necessary to fulfill the purpose for which it was collected and processed. Client data provided in the consent form for the purpose of receiving information about Jurateh d.o.o. services and marketing activities is retained until the client withdraws their consent, and no later than two years from the date of the client\u2019s last interaction with Jurateh d.o.o.<\/p><p>Personal data that is collected is retained only for as long as necessary to fulfill the purpose of its collection and processing. Client data provided in the consent form for the purpose of receiving information about Jurateh d.o.o. services and marketing activities is retained until the client withdraws their consent, and no later than two years from the date of the client\u2019s last interaction with Jurateh d.o.o.<\/p><p>Your personal data may be shared with certain contractual partners of Jurateh d.o.o. if Jurateh d.o.o. decides to engage them.<\/p><p>We may engage certain partners to fulfill our obligations (e.g. accounting services), provide services, communicate with clients, manage our online presence and access, and carry out the purposes outlined in this statement. Your personal data will be shared with a contractual partner of Jurateh d.o.o. only if it is necessary for the performance of a specific service related to you. We carefully select our partners to ensure lawful and secure data processing. These partners are obligated to use your personal data solely for specified purposes, in accordance with our instructions and applicable Croatian data protection laws. The use of your data by contractual partners for any other purposes is strictly prohibited.<\/p><p>We will not share your personal data with third parties other than the contractual partners listed above, unless you have given your consent.<\/p><p>Given the nature, scope, and purpose of the collection, use, and processing of personal data by Jurateh d.o.o.\u2014including the fact that such processing is not carried out on a large scale and does not involve special categories of personal data\u2014Jurateh d.o.o. is not subject to a legal obligation to appoint a Data Protection Officer and therefore has not appointed one.<\/p><ol start=\"8\"><li><strong> Right of withdrawal, access to information, data changes and contact<\/strong><\/li><\/ol><p>By signing the client consent form or using our website, you agree to the use of your personal data as described in the client consent form and this privacy statement.<\/p><p>Furthermore, in accordance with applicable data protection legislation and the rights it grants you as a data subject, of which Jurateh d.o.o. has informed you, you have the right to access, rectify, erase, or restrict the processing of your personal data; the right to withdraw your consent for the use of your personal data at any time in the future without stating reasons; as well as the right to lodge a complaint with a supervisory authority. Withdrawal of consent may be made in writing (by letter or email) to the following publicly available registered address: Jurateh d.o.o.,\u00a0<span style=\"color: #54595f; font-family: Roboto, sans-serif; font-size: 16px; font-style: normal; font-variant-ligatures: normal; font-variant-caps: normal; font-weight: 400;\">Sesvetska cesta 15, Sesvete<\/span>, or via email at info@autotech.aplikacije.hr\n. Such withdrawal will prevent any future use of your personal data by Jurateh d.o.o.<\/p><p>Please contact us at one of these addresses if you have any questions regarding the use of your data or if you wish to update or correct your information.<\/p>\t\t\t\t\t\t<\/div>\n\t\t\t\t<\/div>\n\t\t\t\t\t<\/div>\n\t\t<\/div>\n\t\t\t\t\t<\/div>\n\t\t<\/section>\n\t\t\t\t<\/div>","protected":false},"excerpt":{"rendered":"<p>Pravila privatnosti Za\u0161titu Va\u0161ih osobnih podataka shva\u0107amo vrlo ozbiljno i stoga uvijek nastojimo kori\u0161tenje na\u0161ih usluga u\u010diniti sigurnim. Obvezni smo po\u0161tivati Zakon o za\u0161titi osobnih podatka. Ova izjava o za\u0161titi podataka slu\u017ei za poja\u0161njenje o tome koje podatke od Vas prikupljamo, u koju svrhu ih koristimo te kako ih \u0161titimo.\u00a0 \u00a0Sadr\u017eaj Podru\u010dje primjene Koji se [&hellip;]<\/p>","protected":false},"author":1,"featured_media":0,"parent":0,"menu_order":0,"comment_status":"closed","ping_status":"closed","template":"","meta":{"ocean_post_layout":"full-screen","ocean_both_sidebars_style":"","ocean_both_sidebars_content_width":0,"ocean_both_sidebars_sidebars_width":0,"ocean_sidebar":"0","ocean_second_sidebar":"0","ocean_disable_margins":"on","ocean_add_body_class":"","ocean_shortcode_before_top_bar":"","ocean_shortcode_after_top_bar":"","ocean_shortcode_before_header":"","ocean_shortcode_after_header":"","ocean_has_shortcode":"","ocean_shortcode_after_title":"","ocean_shortcode_before_footer_widgets":"","ocean_shortcode_after_footer_widgets":"","ocean_shortcode_before_footer_bottom":"","ocean_shortcode_after_footer_bottom":"","ocean_display_top_bar":"off","ocean_display_header":"default","ocean_header_style":"","ocean_center_header_left_menu":"0","ocean_custom_header_template":"0","ocean_custom_logo":0,"ocean_custom_retina_logo":0,"ocean_custom_logo_max_width":0,"ocean_custom_logo_tablet_max_width":0,"ocean_custom_logo_mobile_max_width":0,"ocean_custom_logo_max_height":0,"ocean_custom_logo_tablet_max_height":0,"ocean_custom_logo_mobile_max_height":0,"ocean_header_custom_menu":"0","ocean_menu_typo_font_family":"0","ocean_menu_typo_font_subset":"","ocean_menu_typo_font_size":0,"ocean_menu_typo_font_size_tablet":0,"ocean_menu_typo_font_size_mobile":0,"ocean_menu_typo_font_size_unit":"px","ocean_menu_typo_font_weight":"","ocean_menu_typo_font_weight_tablet":"","ocean_menu_typo_font_weight_mobile":"","ocean_menu_typo_transform":"","ocean_menu_typo_transform_tablet":"","ocean_menu_typo_transform_mobile":"","ocean_menu_typo_line_height":0,"ocean_menu_typo_line_height_tablet":0,"ocean_menu_typo_line_height_mobile":0,"ocean_menu_typo_line_height_unit":"","ocean_menu_typo_spacing":0,"ocean_menu_typo_spacing_tablet":0,"ocean_menu_typo_spacing_mobile":0,"ocean_menu_typo_spacing_unit":"","ocean_menu_link_color":"","ocean_menu_link_color_hover":"","ocean_menu_link_color_active":"","ocean_menu_link_background":"","ocean_menu_link_hover_background":"","ocean_menu_link_active_background":"","ocean_menu_social_links_bg":"","ocean_menu_social_hover_links_bg":"","ocean_menu_social_links_color":"","ocean_menu_social_hover_links_color":"","ocean_disable_title":"on","ocean_disable_heading":"on","ocean_post_title":"","ocean_post_subheading":"","ocean_post_title_style":"","ocean_post_title_background_color":"","ocean_post_title_background":0,"ocean_post_title_bg_image_position":"","ocean_post_title_bg_image_attachment":"","ocean_post_title_bg_image_repeat":"","ocean_post_title_bg_image_size":"","ocean_post_title_height":0,"ocean_post_title_bg_overlay":0.5,"ocean_post_title_bg_overlay_color":"","ocean_disable_breadcrumbs":"off","ocean_breadcrumbs_color":"","ocean_breadcrumbs_separator_color":"","ocean_breadcrumbs_links_color":"","ocean_breadcrumbs_links_hover_color":"","ocean_display_footer_widgets":"on","ocean_display_footer_bottom":"off","ocean_custom_footer_template":"0","footnotes":""},"class_list":["post-3","page","type-page","status-publish","hentry","entry"],"yoast_head":"<!-- This site is optimized with the Yoast SEO plugin v23.3 - https:\/\/yoast.com\/wordpress\/plugins\/seo\/ -->\n<title>Pravila Privatnosti Sesvete - Autotech.hr<\/title>\n<meta name=\"robots\" content=\"noindex, follow, max-snippet:-1, max-image-preview:large, max-video-preview:-1\" \/>\n<meta property=\"og:locale\" content=\"en_GB\" \/>\n<meta property=\"og:type\" content=\"article\" \/>\n<meta property=\"og:title\" content=\"Pravila Privatnosti Sesvete - Autotech.hr\" \/>\n<meta property=\"og:description\" content=\"Pravila privatnosti Za\u0161titu Va\u0161ih osobnih podataka shva\u0107amo vrlo ozbiljno i stoga uvijek nastojimo kori\u0161tenje na\u0161ih usluga u\u010diniti sigurnim. Obvezni smo po\u0161tivati Zakon o za\u0161titi osobnih podatka. Ova izjava o za\u0161titi podataka slu\u017ei za poja\u0161njenje o tome koje podatke od Vas prikupljamo, u koju svrhu ih koristimo te kako ih \u0161titimo.\u00a0 \u00a0Sadr\u017eaj Podru\u010dje primjene Koji se [&hellip;]\" \/>\n<meta property=\"og:url\" content=\"https:\/\/autotech.aplikacije.hr\/en\/sesvete-pravila-privatnosti\/\" \/>\n<meta property=\"og:site_name\" content=\"Autotech.hr\" \/>\n<meta property=\"article:modified_time\" content=\"2025-12-30T09:13:58+00:00\" \/>\n<meta name=\"twitter:card\" content=\"summary_large_image\" \/>\n<meta name=\"twitter:label1\" content=\"Estimated reading time\" \/>\n\t<meta name=\"twitter:data1\" content=\"11 minutes\" \/>\n<script type=\"application\/ld+json\" class=\"yoast-schema-graph\">{\"@context\":\"https:\/\/schema.org\",\"@graph\":[{\"@type\":\"WebPage\",\"@id\":\"https:\/\/autotech.aplikacije.hr\/sesvete-pravila-privatnosti\/\",\"url\":\"https:\/\/autotech.aplikacije.hr\/sesvete-pravila-privatnosti\/\",\"name\":\"Pravila Privatnosti Sesvete - Autotech.hr\",\"isPartOf\":{\"@id\":\"https:\/\/autotech.aplikacije.hr\/#website\"},\"datePublished\":\"2020-10-20T07:34:49+00:00\",\"dateModified\":\"2025-12-30T09:13:58+00:00\",\"breadcrumb\":{\"@id\":\"https:\/\/autotech.aplikacije.hr\/sesvete-pravila-privatnosti\/#breadcrumb\"},\"inLanguage\":\"en-GB\",\"potentialAction\":[{\"@type\":\"ReadAction\",\"target\":[\"https:\/\/autotech.aplikacije.hr\/sesvete-pravila-privatnosti\/\"]}]},{\"@type\":\"BreadcrumbList\",\"@id\":\"https:\/\/autotech.aplikacije.hr\/sesvete-pravila-privatnosti\/#breadcrumb\",\"itemListElement\":[{\"@type\":\"ListItem\",\"position\":1,\"name\":\"Home\",\"item\":\"https:\/\/autotech.aplikacije.hr\/\"},{\"@type\":\"ListItem\",\"position\":2,\"name\":\"Pravila Privatnosti Sesvete\"}]},{\"@type\":\"WebSite\",\"@id\":\"https:\/\/autotech.aplikacije.hr\/#website\",\"url\":\"https:\/\/autotech.aplikacije.hr\/\",\"name\":\"Autotech.hr\",\"description\":\"Auto servis Zagreb\",\"potentialAction\":[{\"@type\":\"SearchAction\",\"target\":{\"@type\":\"EntryPoint\",\"urlTemplate\":\"https:\/\/autotech.aplikacije.hr\/?s={search_term_string}\"},\"query-input\":\"required name=search_term_string\"}],\"inLanguage\":\"en-GB\"}]}<\/script>\n<!-- \/ Yoast SEO plugin. -->","yoast_head_json":{"title":"Pravila Privatnosti Sesvete - Autotech.hr","robots":{"index":"noindex","follow":"follow","max-snippet":"max-snippet:-1","max-image-preview":"max-image-preview:large","max-video-preview":"max-video-preview:-1"},"og_locale":"en_GB","og_type":"article","og_title":"Pravila Privatnosti Sesvete - Autotech.hr","og_description":"Pravila privatnosti Za\u0161titu Va\u0161ih osobnih podataka shva\u0107amo vrlo ozbiljno i stoga uvijek nastojimo kori\u0161tenje na\u0161ih usluga u\u010diniti sigurnim. Obvezni smo po\u0161tivati Zakon o za\u0161titi osobnih podatka. Ova izjava o za\u0161titi podataka slu\u017ei za poja\u0161njenje o tome koje podatke od Vas prikupljamo, u koju svrhu ih koristimo te kako ih \u0161titimo.\u00a0 \u00a0Sadr\u017eaj Podru\u010dje primjene Koji se [&hellip;]","og_url":"https:\/\/autotech.aplikacije.hr\/en\/sesvete-pravila-privatnosti\/","og_site_name":"Autotech.hr","article_modified_time":"2025-12-30T09:13:58+00:00","twitter_card":"summary_large_image","twitter_misc":{"Estimated reading time":"11 minutes"},"schema":{"@context":"https:\/\/schema.org","@graph":[{"@type":"WebPage","@id":"https:\/\/autotech.aplikacije.hr\/sesvete-pravila-privatnosti\/","url":"https:\/\/autotech.aplikacije.hr\/sesvete-pravila-privatnosti\/","name":"Pravila Privatnosti Sesvete - Autotech.hr","isPartOf":{"@id":"https:\/\/autotech.aplikacije.hr\/#website"},"datePublished":"2020-10-20T07:34:49+00:00","dateModified":"2025-12-30T09:13:58+00:00","breadcrumb":{"@id":"https:\/\/autotech.aplikacije.hr\/sesvete-pravila-privatnosti\/#breadcrumb"},"inLanguage":"en-GB","potentialAction":[{"@type":"ReadAction","target":["https:\/\/autotech.aplikacije.hr\/sesvete-pravila-privatnosti\/"]}]},{"@type":"BreadcrumbList","@id":"https:\/\/autotech.aplikacije.hr\/sesvete-pravila-privatnosti\/#breadcrumb","itemListElement":[{"@type":"ListItem","position":1,"name":"Home","item":"https:\/\/autotech.aplikacije.hr\/"},{"@type":"ListItem","position":2,"name":"Pravila Privatnosti Sesvete"}]},{"@type":"WebSite","@id":"https:\/\/autotech.aplikacije.hr\/#website","url":"https:\/\/autotech.aplikacije.hr\/","name":"Autotech.hr","description":"Auto servis Zagreb","potentialAction":[{"@type":"SearchAction","target":{"@type":"EntryPoint","urlTemplate":"https:\/\/autotech.aplikacije.hr\/?s={search_term_string}"},"query-input":"required name=search_term_string"}],"inLanguage":"en-GB"}]}},"_links":{"self":[{"href":"https:\/\/autotech.aplikacije.hr\/en\/wp-json\/wp\/v2\/pages\/3","targetHints":{"allow":["GET"]}}],"collection":[{"href":"https:\/\/autotech.aplikacije.hr\/en\/wp-json\/wp\/v2\/pages"}],"about":[{"href":"https:\/\/autotech.aplikacije.hr\/en\/wp-json\/wp\/v2\/types\/page"}],"author":[{"embeddable":true,"href":"https:\/\/autotech.aplikacije.hr\/en\/wp-json\/wp\/v2\/users\/1"}],"replies":[{"embeddable":true,"href":"https:\/\/autotech.aplikacije.hr\/en\/wp-json\/wp\/v2\/comments?post=3"}],"version-history":[{"count":58,"href":"https:\/\/autotech.aplikacije.hr\/en\/wp-json\/wp\/v2\/pages\/3\/revisions"}],"predecessor-version":[{"id":8044,"href":"https:\/\/autotech.aplikacije.hr\/en\/wp-json\/wp\/v2\/pages\/3\/revisions\/8044"}],"wp:attachment":[{"href":"https:\/\/autotech.aplikacije.hr\/en\/wp-json\/wp\/v2\/media?parent=3"}],"curies":[{"name":"wp","href":"https:\/\/api.w.org\/{rel}","templated":true}]}}