{"id":331,"date":"2020-10-22T14:59:54","date_gmt":"2020-10-22T14:59:54","guid":{"rendered":"https:\/\/autotech.aplikacije.hr\/?page_id=331"},"modified":"2026-04-23T11:43:04","modified_gmt":"2026-04-23T11:43:04","slug":"sesvete-right-to-repair","status":"publish","type":"page","link":"https:\/\/autotech.aplikacije.hr\/en\/sesvete-right-to-repair\/","title":{"rendered":"Right to Repair Sesvete"},"content":{"rendered":"<div data-elementor-type=\"wp-page\" data-elementor-id=\"331\" class=\"elementor elementor-331\" data-elementor-post-type=\"page\">\n\t\t\t\t<div class=\"elementor-element elementor-element-6fb4bb3 e-flex e-con-boxed e-con e-parent\" data-id=\"6fb4bb3\" data-element_type=\"container\" data-settings=\"{&quot;background_background&quot;:&quot;classic&quot;}\">\n\t\t\t\t\t<div class=\"e-con-inner\">\n\t\t\t\t<div class=\"elementor-element elementor-element-f09eec6 elementor-widget__width-inherit elementor-widget elementor-widget-heading\" data-id=\"f09eec6\" data-element_type=\"widget\" data-widget_type=\"heading.default\">\n\t\t\t\t<div class=\"elementor-widget-container\">\n\t\t\t<div class=\"elementor-heading-title elementor-size-default\">Right to Repair<\/div>\t\t<\/div>\n\t\t\t\t<\/div>\n\t\t\t\t\t<\/div>\n\t\t\t\t<\/div>\n\t\t<div class=\"elementor-element elementor-element-3f2dbff e-flex e-con-boxed e-con e-parent\" data-id=\"3f2dbff\" data-element_type=\"container\" data-settings=\"{&quot;background_background&quot;:&quot;classic&quot;}\">\n\t\t\t\t\t<div class=\"e-con-inner\">\n\t\t\t\t<div class=\"elementor-element elementor-element-32d7a4d elementor-widget__width-inherit elementor-widget elementor-widget-image\" data-id=\"32d7a4d\" data-element_type=\"widget\" data-widget_type=\"image.default\">\n\t\t\t\t<div class=\"elementor-widget-container\">\n\t\t\t\t\t\t\t\t\t\t\t\t\t<img fetchpriority=\"high\" decoding=\"async\" width=\"1024\" height=\"678\" src=\"https:\/\/autotech.aplikacije.hr\/wp-content\/uploads\/2025\/12\/rigth-to-repair-1024x678.jpg\" class=\"attachment-large size-large wp-image-7455\" alt=\"\" srcset=\"https:\/\/autotech.aplikacije.hr\/wp-content\/uploads\/2025\/12\/rigth-to-repair-1024x678.jpg 1024w, https:\/\/autotech.aplikacije.hr\/wp-content\/uploads\/2025\/12\/rigth-to-repair-300x199.jpg 300w, https:\/\/autotech.aplikacije.hr\/wp-content\/uploads\/2025\/12\/rigth-to-repair-768x508.jpg 768w, https:\/\/autotech.aplikacije.hr\/wp-content\/uploads\/2025\/12\/rigth-to-repair-1536x1017.jpg 1536w, https:\/\/autotech.aplikacije.hr\/wp-content\/uploads\/2025\/12\/rigth-to-repair.jpg 1971w\" sizes=\"(max-width: 1024px) 100vw, 1024px\" \/>\t\t\t\t\t\t\t\t\t\t\t\t\t<\/div>\n\t\t\t\t<\/div>\n\t\t<div class=\"elementor-element elementor-element-698af8c e-con-full e-flex e-con e-child\" data-id=\"698af8c\" data-element_type=\"container\">\n\t\t\t\t<div class=\"elementor-element elementor-element-b72913d elementor-widget elementor-widget-counter\" data-id=\"b72913d\" data-element_type=\"widget\" data-widget_type=\"counter.default\">\n\t\t\t\t<div class=\"elementor-widget-container\">\n\t\t\t\t\t<div class=\"elementor-counter\">\n\t\t\t<div class=\"elementor-counter-title\">vehicles serviced per year<\/div>\t\t\t<div class=\"elementor-counter-number-wrapper\">\n\t\t\t\t<span class=\"elementor-counter-number-prefix\"><\/span>\n\t\t\t\t<span class=\"elementor-counter-number\" data-duration=\"2000\" data-to-value=\"3000\" data-from-value=\"0\" data-delimiter=\",\">0<\/span>\n\t\t\t\t<span class=\"elementor-counter-number-suffix\">+<\/span>\n\t\t\t<\/div>\n\t\t<\/div>\n\t\t\t\t<\/div>\n\t\t\t\t<\/div>\n\t\t\t\t<div class=\"elementor-element elementor-element-e5cffa7 elementor-widget elementor-widget-text-editor\" data-id=\"e5cffa7\" data-element_type=\"widget\" data-widget_type=\"text-editor.default\">\n\t\t\t\t<div class=\"elementor-widget-container\">\n\t\t\t\t\t\t\t<p>Autotech services over 10,000 vehicles annually \u2014 from routine maintenance to complex repairs. With years of experience and a skilled team, we deliver fast and reliable service regardless of the vehicle make or model.<\/p>\t\t\t\t\t\t<\/div>\n\t\t\t\t<\/div>\n\t\t\t\t<\/div>\n\t\t<div class=\"elementor-element elementor-element-359b1ac e-con-full e-flex e-con e-child\" data-id=\"359b1ac\" data-element_type=\"container\">\n\t\t\t\t<div class=\"elementor-element elementor-element-cb03283 elementor-widget elementor-widget-text-editor\" data-id=\"cb03283\" data-element_type=\"widget\" data-widget_type=\"text-editor.default\">\n\t\t\t\t<div class=\"elementor-widget-container\">\n\t\t\t\t\t\t\t<p>Since 2011, regulations introduced by the Government of the Republic of Croatia allow vehicles under warranty to be serviced outside authorized service centers without affecting the warranty.\u00a0<\/p>\t\t\t\t\t\t<\/div>\n\t\t\t\t<\/div>\n\t\t\t\t<div class=\"elementor-element elementor-element-294f33a elementor-widget elementor-widget-heading\" data-id=\"294f33a\" data-element_type=\"widget\" data-widget_type=\"heading.default\">\n\t\t\t\t<div class=\"elementor-widget-container\">\n\t\t\t<div class=\"elementor-heading-title elementor-size-default\">What does that mean for you?<\/div>\t\t<\/div>\n\t\t\t\t<\/div>\n\t\t\t\t<div class=\"elementor-element elementor-element-6eb93f1 elementor-align-left elementor-icon-list--layout-traditional elementor-list-item-link-full_width elementor-widget elementor-widget-icon-list\" data-id=\"6eb93f1\" data-element_type=\"widget\" data-widget_type=\"icon-list.default\">\n\t\t\t\t<div class=\"elementor-widget-container\">\n\t\t\t\t\t<ul class=\"elementor-icon-list-items\">\n\t\t\t\t\t\t\t<li class=\"elementor-icon-list-item\">\n\t\t\t\t\t\t\t\t\t\t<span class=\"elementor-icon-list-text\">Only professionally trained staff work on your vehicle.<\/span>\n\t\t\t\t\t\t\t\t\t<\/li>\n\t\t\t\t\t\t\t\t<li class=\"elementor-icon-list-item\">\n\t\t\t\t\t\t\t\t\t\t<span class=\"elementor-icon-list-text\">We apply manufacturer-approved procedures and industry standards for your vehicle.<\/span>\n\t\t\t\t\t\t\t\t\t<\/li>\n\t\t\t\t\t\t\t\t<li class=\"elementor-icon-list-item\">\n\t\t\t\t\t\t\t\t\t\t<span class=\"elementor-icon-list-text\">Much lower repair costs compared to authorized dealerships, without affecting your warranty or vehicle performance.<\/span>\n\t\t\t\t\t\t\t\t\t<\/li>\n\t\t\t\t\t\t\t\t<li class=\"elementor-icon-list-item\">\n\t\t\t\t\t\t\t\t\t\t<span class=\"elementor-icon-list-text\">Vehicle owners with cars under warranty no longer need to go to an authorized service center for regular maintenance or servicing.<\/span>\n\t\t\t\t\t\t\t\t\t<\/li>\n\t\t\t\t\t\t<\/ul>\n\t\t\t\t<\/div>\n\t\t\t\t<\/div>\n\t\t\t\t<div class=\"elementor-element elementor-element-0068f68 elementor-align-left elementor-icon-list--layout-traditional elementor-list-item-link-full_width elementor-widget elementor-widget-icon-list\" data-id=\"0068f68\" data-element_type=\"widget\" data-widget_type=\"icon-list.default\">\n\t\t\t\t<div class=\"elementor-widget-container\">\n\t\t\t\t\t<ul class=\"elementor-icon-list-items\">\n\t\t\t\t\t\t\t<li class=\"elementor-icon-list-item\">\n\t\t\t\t\t\t\t\t\t\t\t<span class=\"elementor-icon-list-icon\">\n\t\t\t\t\t\t\t<i aria-hidden=\"true\" class=\"fas fa-check\"><\/i>\t\t\t\t\t\t<\/span>\n\t\t\t\t\t\t\t\t\t\t<span class=\"elementor-icon-list-text\">Only professionally trained staff work on your vehicle.<\/span>\n\t\t\t\t\t\t\t\t\t<\/li>\n\t\t\t\t\t\t\t\t<li class=\"elementor-icon-list-item\">\n\t\t\t\t\t\t\t\t\t\t\t<span class=\"elementor-icon-list-icon\">\n\t\t\t\t\t\t\t<i aria-hidden=\"true\" class=\"fas fa-check\"><\/i>\t\t\t\t\t\t<\/span>\n\t\t\t\t\t\t\t\t\t\t<span class=\"elementor-icon-list-text\">We apply manufacturer-approved procedures and industry standards for your vehicle.<\/span>\n\t\t\t\t\t\t\t\t\t<\/li>\n\t\t\t\t\t\t\t\t<li class=\"elementor-icon-list-item\">\n\t\t\t\t\t\t\t\t\t\t\t<span class=\"elementor-icon-list-icon\">\n\t\t\t\t\t\t\t<i aria-hidden=\"true\" class=\"fas fa-check\"><\/i>\t\t\t\t\t\t<\/span>\n\t\t\t\t\t\t\t\t\t\t<span class=\"elementor-icon-list-text\">Much lower repair costs compared to authorized dealerships, without affecting your warranty or vehicle performance.<\/span>\n\t\t\t\t\t\t\t\t\t<\/li>\n\t\t\t\t\t\t\t\t<li class=\"elementor-icon-list-item\">\n\t\t\t\t\t\t\t\t\t\t\t<span class=\"elementor-icon-list-icon\">\n\t\t\t\t\t\t\t<i aria-hidden=\"true\" class=\"fas fa-check\"><\/i>\t\t\t\t\t\t<\/span>\n\t\t\t\t\t\t\t\t\t\t<span class=\"elementor-icon-list-text\">Vehicle owners with cars under warranty no longer need to go to an authorized service center for regular maintenance or servicing.<\/span>\n\t\t\t\t\t\t\t\t\t<\/li>\n\t\t\t\t\t\t<\/ul>\n\t\t\t\t<\/div>\n\t\t\t\t<\/div>\n\t\t\t\t<div class=\"elementor-element elementor-element-85d693d elementor-widget elementor-widget-button\" data-id=\"85d693d\" data-element_type=\"widget\" data-widget_type=\"button.default\">\n\t\t\t\t<div class=\"elementor-widget-container\">\n\t\t\t\t\t<div class=\"elementor-button-wrapper\">\n\t\t\t<a class=\"elementor-button elementor-button-link elementor-size-sm\" href=\"https:\/\/narodne-novine.nn.hr\/clanci\/sluzbeni\/2011_03_37_850.html\">\n\t\t\t\t\t\t<span class=\"elementor-button-content-wrapper\">\n\t\t\t\t\t\t\t\t\t<span class=\"elementor-button-text\">Find out more<\/span>\n\t\t\t\t\t<\/span>\n\t\t\t\t\t<\/a>\n\t\t<\/div>\n\t\t\t\t<\/div>\n\t\t\t\t<\/div>\n\t\t\t\t<\/div>\n\t\t\t\t\t<\/div>\n\t\t\t\t<\/div>\n\t\t\t\t<\/div>","protected":false},"excerpt":{"rendered":"<p>Right to Repair servisiranih vozila godi\u0161nje 0 + Autotech servisira vi\u0161e od deset tisu\u0107a vozila godi\u0161nje \u2013 od redovnih servisa do slo\u017eenih popravaka. Dugogodi\u0161nje iskustvo i stru\u010dan tim omogu\u0107uju nam brz i pouzdan rad, bez obzira na marku ili model vozila. Od 2011. godine na snagu je stupila odredba Vlade Republike Hrvatske koje korisike vozila [&hellip;]<\/p>","protected":false},"author":1,"featured_media":0,"parent":0,"menu_order":0,"comment_status":"closed","ping_status":"closed","template":"","meta":{"ocean_post_layout":"full-screen","ocean_both_sidebars_style":"","ocean_both_sidebars_content_width":0,"ocean_both_sidebars_sidebars_width":0,"ocean_sidebar":"0","ocean_second_sidebar":"0","ocean_disable_margins":"enable","ocean_add_body_class":"","ocean_shortcode_before_top_bar":"","ocean_shortcode_after_top_bar":"","ocean_shortcode_before_header":"","ocean_shortcode_after_header":"","ocean_has_shortcode":"","ocean_shortcode_after_title":"","ocean_shortcode_before_footer_widgets":"","ocean_shortcode_after_footer_widgets":"","ocean_shortcode_before_footer_bottom":"","ocean_shortcode_after_footer_bottom":"","ocean_display_top_bar":"off","ocean_display_header":"default","ocean_header_style":"","ocean_center_header_left_menu":"0","ocean_custom_header_template":"0","ocean_custom_logo":0,"ocean_custom_retina_logo":0,"ocean_custom_logo_max_width":0,"ocean_custom_logo_tablet_max_width":0,"ocean_custom_logo_mobile_max_width":0,"ocean_custom_logo_max_height":0,"ocean_custom_logo_tablet_max_height":0,"ocean_custom_logo_mobile_max_height":0,"ocean_header_custom_menu":"0","ocean_menu_typo_font_family":"0","ocean_menu_typo_font_subset":"","ocean_menu_typo_font_size":0,"ocean_menu_typo_font_size_tablet":0,"ocean_menu_typo_font_size_mobile":0,"ocean_menu_typo_font_size_unit":"px","ocean_menu_typo_font_weight":"","ocean_menu_typo_font_weight_tablet":"","ocean_menu_typo_font_weight_mobile":"","ocean_menu_typo_transform":"","ocean_menu_typo_transform_tablet":"","ocean_menu_typo_transform_mobile":"","ocean_menu_typo_line_height":0,"ocean_menu_typo_line_height_tablet":0,"ocean_menu_typo_line_height_mobile":0,"ocean_menu_typo_line_height_unit":"","ocean_menu_typo_spacing":0,"ocean_menu_typo_spacing_tablet":0,"ocean_menu_typo_spacing_mobile":0,"ocean_menu_typo_spacing_unit":"","ocean_menu_link_color":"","ocean_menu_link_color_hover":"","ocean_menu_link_color_active":"","ocean_menu_link_background":"","ocean_menu_link_hover_background":"","ocean_menu_link_active_background":"","ocean_menu_social_links_bg":"","ocean_menu_social_hover_links_bg":"","ocean_menu_social_links_color":"","ocean_menu_social_hover_links_color":"","ocean_disable_title":"on","ocean_disable_heading":"default","ocean_post_title":"","ocean_post_subheading":"","ocean_post_title_style":"","ocean_post_title_background_color":"","ocean_post_title_background":0,"ocean_post_title_bg_image_position":"","ocean_post_title_bg_image_attachment":"","ocean_post_title_bg_image_repeat":"","ocean_post_title_bg_image_size":"","ocean_post_title_height":0,"ocean_post_title_bg_overlay":0.5,"ocean_post_title_bg_overlay_color":"","ocean_disable_breadcrumbs":"default","ocean_breadcrumbs_color":"","ocean_breadcrumbs_separator_color":"","ocean_breadcrumbs_links_color":"","ocean_breadcrumbs_links_hover_color":"","ocean_display_footer_widgets":"on","ocean_display_footer_bottom":"off","ocean_custom_footer_template":"0","footnotes":""},"class_list":["post-331","page","type-page","status-publish","hentry","entry"],"yoast_head":"<!-- This site is optimized with the Yoast SEO plugin v23.3 - https:\/\/yoast.com\/wordpress\/plugins\/seo\/ -->\n<title>Right to Repair Sesvete - Autotech.hr<\/title>\n<meta name=\"robots\" content=\"noindex, follow, max-snippet:-1, max-image-preview:large, max-video-preview:-1\" \/>\n<meta property=\"og:locale\" content=\"en_GB\" \/>\n<meta property=\"og:type\" content=\"article\" \/>\n<meta property=\"og:title\" content=\"Right to Repair Sesvete - Autotech.hr\" \/>\n<meta property=\"og:description\" content=\"Right to Repair servisiranih vozila godi\u0161nje 0 + Autotech servisira vi\u0161e od deset tisu\u0107a vozila godi\u0161nje \u2013 od redovnih servisa do slo\u017eenih popravaka. Dugogodi\u0161nje iskustvo i stru\u010dan tim omogu\u0107uju nam brz i pouzdan rad, bez obzira na marku ili model vozila. Od 2011. godine na snagu je stupila odredba Vlade Republike Hrvatske koje korisike vozila [&hellip;]\" \/>\n<meta property=\"og:url\" content=\"https:\/\/autotech.aplikacije.hr\/en\/sesvete-right-to-repair\/\" \/>\n<meta property=\"og:site_name\" content=\"Autotech.hr\" \/>\n<meta property=\"article:modified_time\" content=\"2026-04-23T11:43:04+00:00\" \/>\n<meta property=\"og:image\" content=\"https:\/\/autotech.aplikacije.hr\/wp-content\/uploads\/2025\/12\/rigth-to-repair-1024x678.jpg\" \/>\n<meta name=\"twitter:card\" content=\"summary_large_image\" \/>\n<meta name=\"twitter:label1\" content=\"Estimated reading time\" \/>\n\t<meta name=\"twitter:data1\" content=\"2 minutes\" \/>\n<script type=\"application\/ld+json\" class=\"yoast-schema-graph\">{\"@context\":\"https:\/\/schema.org\",\"@graph\":[{\"@type\":\"WebPage\",\"@id\":\"https:\/\/autotech.aplikacije.hr\/sesvete-right-to-repair\/\",\"url\":\"https:\/\/autotech.aplikacije.hr\/sesvete-right-to-repair\/\",\"name\":\"Right to Repair Sesvete - Autotech.hr\",\"isPartOf\":{\"@id\":\"https:\/\/autotech.aplikacije.hr\/#website\"},\"primaryImageOfPage\":{\"@id\":\"https:\/\/autotech.aplikacije.hr\/sesvete-right-to-repair\/#primaryimage\"},\"image\":{\"@id\":\"https:\/\/autotech.aplikacije.hr\/sesvete-right-to-repair\/#primaryimage\"},\"thumbnailUrl\":\"https:\/\/autotech.aplikacije.hr\/wp-content\/uploads\/2025\/12\/rigth-to-repair-1024x678.jpg\",\"datePublished\":\"2020-10-22T14:59:54+00:00\",\"dateModified\":\"2026-04-23T11:43:04+00:00\",\"breadcrumb\":{\"@id\":\"https:\/\/autotech.aplikacije.hr\/sesvete-right-to-repair\/#breadcrumb\"},\"inLanguage\":\"en-GB\",\"potentialAction\":[{\"@type\":\"ReadAction\",\"target\":[\"https:\/\/autotech.aplikacije.hr\/sesvete-right-to-repair\/\"]}]},{\"@type\":\"ImageObject\",\"inLanguage\":\"en-GB\",\"@id\":\"https:\/\/autotech.aplikacije.hr\/sesvete-right-to-repair\/#primaryimage\",\"url\":\"https:\/\/autotech.aplikacije.hr\/wp-content\/uploads\/2025\/12\/rigth-to-repair-1024x678.jpg\",\"contentUrl\":\"https:\/\/autotech.aplikacije.hr\/wp-content\/uploads\/2025\/12\/rigth-to-repair-1024x678.jpg\"},{\"@type\":\"BreadcrumbList\",\"@id\":\"https:\/\/autotech.aplikacije.hr\/sesvete-right-to-repair\/#breadcrumb\",\"itemListElement\":[{\"@type\":\"ListItem\",\"position\":1,\"name\":\"Home\",\"item\":\"https:\/\/autotech.aplikacije.hr\/\"},{\"@type\":\"ListItem\",\"position\":2,\"name\":\"Right to Repair Sesvete\"}]},{\"@type\":\"WebSite\",\"@id\":\"https:\/\/autotech.aplikacije.hr\/#website\",\"url\":\"https:\/\/autotech.aplikacije.hr\/\",\"name\":\"Autotech.hr\",\"description\":\"Auto servis Zagreb\",\"potentialAction\":[{\"@type\":\"SearchAction\",\"target\":{\"@type\":\"EntryPoint\",\"urlTemplate\":\"https:\/\/autotech.aplikacije.hr\/?s={search_term_string}\"},\"query-input\":\"required name=search_term_string\"}],\"inLanguage\":\"en-GB\"}]}<\/script>\n<!-- \/ Yoast SEO plugin. -->","yoast_head_json":{"title":"Right to Repair Sesvete - Autotech.hr","robots":{"index":"noindex","follow":"follow","max-snippet":"max-snippet:-1","max-image-preview":"max-image-preview:large","max-video-preview":"max-video-preview:-1"},"og_locale":"en_GB","og_type":"article","og_title":"Right to Repair Sesvete - Autotech.hr","og_description":"Right to Repair servisiranih vozila godi\u0161nje 0 + Autotech servisira vi\u0161e od deset tisu\u0107a vozila godi\u0161nje \u2013 od redovnih servisa do slo\u017eenih popravaka. Dugogodi\u0161nje iskustvo i stru\u010dan tim omogu\u0107uju nam brz i pouzdan rad, bez obzira na marku ili model vozila. Od 2011. godine na snagu je stupila odredba Vlade Republike Hrvatske koje korisike vozila [&hellip;]","og_url":"https:\/\/autotech.aplikacije.hr\/en\/sesvete-right-to-repair\/","og_site_name":"Autotech.hr","article_modified_time":"2026-04-23T11:43:04+00:00","og_image":[{"url":"https:\/\/autotech.aplikacije.hr\/wp-content\/uploads\/2025\/12\/rigth-to-repair-1024x678.jpg"}],"twitter_card":"summary_large_image","twitter_misc":{"Estimated reading time":"2 minutes"},"schema":{"@context":"https:\/\/schema.org","@graph":[{"@type":"WebPage","@id":"https:\/\/autotech.aplikacije.hr\/sesvete-right-to-repair\/","url":"https:\/\/autotech.aplikacije.hr\/sesvete-right-to-repair\/","name":"Right to Repair Sesvete - Autotech.hr","isPartOf":{"@id":"https:\/\/autotech.aplikacije.hr\/#website"},"primaryImageOfPage":{"@id":"https:\/\/autotech.aplikacije.hr\/sesvete-right-to-repair\/#primaryimage"},"image":{"@id":"https:\/\/autotech.aplikacije.hr\/sesvete-right-to-repair\/#primaryimage"},"thumbnailUrl":"https:\/\/autotech.aplikacije.hr\/wp-content\/uploads\/2025\/12\/rigth-to-repair-1024x678.jpg","datePublished":"2020-10-22T14:59:54+00:00","dateModified":"2026-04-23T11:43:04+00:00","breadcrumb":{"@id":"https:\/\/autotech.aplikacije.hr\/sesvete-right-to-repair\/#breadcrumb"},"inLanguage":"en-GB","potentialAction":[{"@type":"ReadAction","target":["https:\/\/autotech.aplikacije.hr\/sesvete-right-to-repair\/"]}]},{"@type":"ImageObject","inLanguage":"en-GB","@id":"https:\/\/autotech.aplikacije.hr\/sesvete-right-to-repair\/#primaryimage","url":"https:\/\/autotech.aplikacije.hr\/wp-content\/uploads\/2025\/12\/rigth-to-repair-1024x678.jpg","contentUrl":"https:\/\/autotech.aplikacije.hr\/wp-content\/uploads\/2025\/12\/rigth-to-repair-1024x678.jpg"},{"@type":"BreadcrumbList","@id":"https:\/\/autotech.aplikacije.hr\/sesvete-right-to-repair\/#breadcrumb","itemListElement":[{"@type":"ListItem","position":1,"name":"Home","item":"https:\/\/autotech.aplikacije.hr\/"},{"@type":"ListItem","position":2,"name":"Right to Repair Sesvete"}]},{"@type":"WebSite","@id":"https:\/\/autotech.aplikacije.hr\/#website","url":"https:\/\/autotech.aplikacije.hr\/","name":"Autotech.hr","description":"Auto servis Zagreb","potentialAction":[{"@type":"SearchAction","target":{"@type":"EntryPoint","urlTemplate":"https:\/\/autotech.aplikacije.hr\/?s={search_term_string}"},"query-input":"required name=search_term_string"}],"inLanguage":"en-GB"}]}},"_links":{"self":[{"href":"https:\/\/autotech.aplikacije.hr\/en\/wp-json\/wp\/v2\/pages\/331","targetHints":{"allow":["GET"]}}],"collection":[{"href":"https:\/\/autotech.aplikacije.hr\/en\/wp-json\/wp\/v2\/pages"}],"about":[{"href":"https:\/\/autotech.aplikacije.hr\/en\/wp-json\/wp\/v2\/types\/page"}],"author":[{"embeddable":true,"href":"https:\/\/autotech.aplikacije.hr\/en\/wp-json\/wp\/v2\/users\/1"}],"replies":[{"embeddable":true,"href":"https:\/\/autotech.aplikacije.hr\/en\/wp-json\/wp\/v2\/comments?post=331"}],"version-history":[{"count":123,"href":"https:\/\/autotech.aplikacije.hr\/en\/wp-json\/wp\/v2\/pages\/331\/revisions"}],"predecessor-version":[{"id":9745,"href":"https:\/\/autotech.aplikacije.hr\/en\/wp-json\/wp\/v2\/pages\/331\/revisions\/9745"}],"wp:attachment":[{"href":"https:\/\/autotech.aplikacije.hr\/en\/wp-json\/wp\/v2\/media?parent=331"}],"curies":[{"name":"wp","href":"https:\/\/api.w.org\/{rel}","templated":true}]}}