{"id":5323,"date":"2023-03-07T12:47:10","date_gmt":"2023-03-07T12:47:10","guid":{"rendered":"https:\/\/autotech.aplikacije.hr\/?page_id=5323"},"modified":"2026-04-23T12:59:59","modified_gmt":"2026-04-23T12:59:59","slug":"zagreb-kontakt","status":"publish","type":"page","link":"https:\/\/autotech.aplikacije.hr\/en\/zagreb-kontakt\/","title":{"rendered":"Kontakt Zagreb"},"content":{"rendered":"<div data-elementor-type=\"wp-page\" data-elementor-id=\"5323\" class=\"elementor elementor-5323\" data-elementor-post-type=\"page\">\n\t\t\t\t<div class=\"elementor-element elementor-element-31243d0 e-flex e-con-boxed e-con e-parent\" data-id=\"31243d0\" data-element_type=\"container\" data-settings=\"{&quot;background_background&quot;:&quot;classic&quot;}\">\n\t\t\t\t\t<div class=\"e-con-inner\">\n\t\t\t\t<div class=\"elementor-element elementor-element-aed1582 elementor-widget__width-inherit elementor-widget elementor-widget-heading\" data-id=\"aed1582\" data-element_type=\"widget\" data-widget_type=\"heading.default\">\n\t\t\t\t<div class=\"elementor-widget-container\">\n\t\t\t<div class=\"elementor-heading-title elementor-size-default\">Contact<\/div>\t\t<\/div>\n\t\t\t\t<\/div>\n\t\t\t\t\t<\/div>\n\t\t\t\t<\/div>\n\t\t<div class=\"elementor-element elementor-element-8fa5aa3 e-flex e-con-boxed e-con e-parent\" data-id=\"8fa5aa3\" data-element_type=\"container\" data-settings=\"{&quot;background_background&quot;:&quot;classic&quot;}\">\n\t\t\t\t\t<div class=\"e-con-inner\">\n\t\t\t\t<div class=\"elementor-element elementor-element-f99200d elementor-view-stacked elementor-widget__width-initial elementor-tablet-position-top elementor-shape-circle elementor-position-top elementor-mobile-position-top elementor-widget elementor-widget-icon-box\" data-id=\"f99200d\" data-element_type=\"widget\" data-widget_type=\"icon-box.default\">\n\t\t\t\t<div class=\"elementor-widget-container\">\n\t\t\t\t\t<div class=\"elementor-icon-box-wrapper\">\n\n\t\t\t\t\t\t<div class=\"elementor-icon-box-icon\">\n\t\t\t\t<a href=\"https:\/\/maps.app.goo.gl\/7pUtNJnWFTH9s6er8\" class=\"elementor-icon elementor-animation-\" tabindex=\"-1\">\n\t\t\t\t<svg xmlns=\"http:\/\/www.w3.org\/2000\/svg\" xmlns:xlink=\"http:\/\/www.w3.org\/1999\/xlink\" id=\"Layer_1\" x=\"0px\" y=\"0px\" viewbox=\"0 0 600 600\" style=\"enable-background:new 0 0 600 600;\" xml:space=\"preserve\"> <g> <path d=\"M156.3,1.2C176.2,5,194,13,208.9,27.1c30.3,29.1,38.1,74.1,19.5,111.6c-15.5,31.4-31.2,62.7-47.1,94 c-2.3,4.6-2.2,6.5,3.4,8c12.8,3.7,24.9,8.9,34.6,18.5c7.4,7.2,11.7,15.7,10.8,26c-0.3,3.8,1.5,4.6,4.5,5.2 c8.9,1.8,17.8,3.7,26.8,6.2c5.5,1.5,9.1,5.4,9.1,11.5c0,5.4-2.6,9.2-7.5,11.4c-3.2,1.4-6.5,1.1-9.7,0.3 c-10.6-2.3-21.2-4.5-31.8-7.2c-4.9-1.2-8.6-0.5-12.9,2.3c-13.2,8.3-28.1,12.3-43.5,14.1c-27.7,3.4-54.7,1.1-80.4-10.5 c-4.5-2-8.6-4.5-12.6-7.4c-21.8-16.1-21.7-41.1,0.3-56.9c8.9-6.5,18.9-10.9,29.5-13.7c4.9-1.2,5.2-3.1,3.1-7.2 c-15.8-31.2-31.4-62.6-47.1-94C28.7,81,63,13,127.4,1.8c0.8-0.2,1.5-0.5,2.2-0.8C138.5,1.2,147.4,1.2,156.3,1.2z M143.3,253.3 c1.1-2,2.2-4,3.2-6c19.5-39.2,39.1-78.3,58.7-117.3c6-11.8,8.6-24,8.3-37.1c-1.2-42.9-43.1-75.5-84.9-66.3 C82.1,37,58.5,86,79.9,128.9c19.8,39.8,39.8,79.7,59.7,119.5C140.3,250.1,140.8,252.3,143.3,253.3z M144.5,305.6 c4.9,0.5,11.4-0.5,18-1.4c13.4-1.8,26.4-5.1,37.4-13.4c7.5-5.8,7.4-10.6-0.2-16.3c-8.1-6.3-17.8-9.4-27.7-11.8 c-3.8-1.1-5.7,0.2-7.2,3.5c-3.1,6.6-6.6,13.2-9.8,19.8c-2.5,4.9-6,8.6-12,8.6c-6.2,0-9.5-3.5-12-8.6c-3.4-6.8-6.8-13.5-10.1-20.3 c-0.9-1.8-1.8-4.2-4.6-3.4c-11.5,2.9-22.9,6.3-32.1,14.3c-4.5,4-4.5,8.3,0,12.6c4.3,4.2,9.4,6.8,14.9,8.9 C112.8,303.5,127.6,305.6,144.5,305.6z\"><\/path> <path d=\"M254.4,599c-13.5-2.8-27.1-4.9-39.7-11.1c-5.1-2.5-10-5.2-14.5-8.8c-19.8-15.8-19.5-40,0.8-55.4 c12.9-9.7,27.8-14.5,43.5-17.4c16.8-3.1,33.7-3.4,50.4-1.1c4,0.6,6.6-0.8,9.2-3.5c7.7-8,15.4-16,23.4-23.7 c4.5-4.5,10.3-4.9,15.1-2.2c4.8,2.8,6.9,8.1,5.5,13.5c-0.8,2.9-2.6,5.2-4.6,7.2c-4.2,4.3-8.3,8.8-12.6,13.1 c-2.6,2.6-2.8,4.3,1.1,5.8c5.2,2.3,9.8,5.4,14.3,8.9c18.8,15.2,19.1,38,0.5,53.4c-12.8,10.6-28.1,15.4-44.1,18.6 c-3.5,0.8-7.2,1.4-10.8,2C279.4,599,266.9,599,254.4,599z M273.2,529c-17.4-0.3-34.3,2.2-49.8,10c-5.5,2.8-12.3,5.8-12.3,12.8 c0,6.9,6.6,10.1,12.3,12.8c29.5,13.4,59.8,13.2,90.4,4.2c6.6-2,12.8-4.9,17.8-9.5c5.5-5.1,5.5-9.1,0.2-14.3 c-2.8-2.6-5.8-4.5-9.2-6.2C306.7,531.2,290.1,528.7,273.2,529z\"><\/path> <path d=\"M465.3,402c-7.4,0.5-14.8-0.2-22.1-1.4c-4.2-0.8-6.9,0.8-9.7,3.7c-7.2,7.7-14.5,15.2-22,22.6c-7.2,7.2-17.5,5.8-21.1-2.9 c-2.2-5.4-0.5-10,3.2-13.8c4.5-4.6,8.8-9.4,13.5-13.7c3.4-3.2,2.6-4.6-1.2-6.5c-6.6-2.9-12.5-7.1-17.7-12.3 c-6.9-6.9-11.1-15.1-10.3-25.1c0.3-3.8-1.2-5.5-4.9-6.3c-8.1-1.7-16.3-3.4-24.4-5.4c-9.1-2.3-13.2-9.4-10.1-16.9 c2.5-5.8,8-8.8,14.9-7.2c12,2.5,24,5.2,35.8,8c2.6,0.6,4.9,0.9,7.2-0.6c16-10.6,34-15.4,52.7-16.8c26.4-2.2,52.4,0,76.7,12.1 c10.5,5.2,19.5,12.1,24.3,23.4c5.4,13.1,1.8,24.4-7.4,34.3c-11.8,12.6-27.5,17.8-43.8,21.5C487.9,400.9,476.6,402.3,465.3,402z M465.1,376.8c4.3,0,8.6,0.3,12.8,0c14.6-1.4,28.9-4.3,41.5-12.3c10.6-6.8,10.8-12.9,0.5-20c-10.9-7.5-23.4-10.5-36.1-12 c-21.2-2.6-42.3-1.5-62.6,6.2c-5.7,2.2-11.1,4.9-15.4,9.2c-4.5,4.5-4.5,8.1-0.2,12.6c4.2,4.3,9.4,6.9,14.8,9.1 C435,375.4,449.9,377.4,465.1,376.8z\"><\/path> <path d=\"M304.7,306.5c6.5,0.5,11.7,6,11.4,12.5c-0.3,6.6-6.3,12.1-12.9,11.7c-6.2-0.5-11.7-6.5-11.4-12.6 C292.1,311.3,298,306.1,304.7,306.5z\"><\/path> <path d=\"M381,452.9c0.2,6.9-5.1,12.3-12,12.1c-6.5,0-11.8-5.4-12-11.8c-0.2-6.6,5.5-12.3,12.1-12.1 C375.8,441.1,380.8,446.2,381,452.9z\"><\/path> <path d=\"M94.2,96c0.2-26.6,22.4-48.7,48.9-48.4c26.3,0.3,48.3,22.4,48.3,48.6s-22.3,48.7-48.4,48.4C115.1,144.3,95.1,123.6,94.2,96 z M119.1,96.2c0,13.2,10.3,23.7,23.5,23.7c13.1,0,23.8-10.5,23.8-23.5c0-13.5-10.5-24-24-23.8C129,72.7,119.1,82.7,119.1,96.2z\"><\/path> <\/g> <\/svg>\t\t\t\t<\/a>\n\t\t\t<\/div>\n\t\t\t\n\t\t\t\t\t\t<div class=\"elementor-icon-box-content\">\n\n\t\t\t\t\t\t\t\t\t<div class=\"elementor-icon-box-title\">\n\t\t\t\t\t\t<a href=\"https:\/\/maps.app.goo.gl\/7pUtNJnWFTH9s6er8\" >\n\t\t\t\t\t\t\tAddress\t\t\t\t\t\t<\/a>\n\t\t\t\t\t<\/div>\n\t\t\t\t\n\t\t\t\t\t\t\t\t\t<p class=\"elementor-icon-box-description\">\n\t\t\t\t\t\tLi\u010dka ulica 17, Zagreb\t\t\t\t\t<\/p>\n\t\t\t\t\n\t\t\t<\/div>\n\t\t\t\n\t\t<\/div>\n\t\t\t\t<\/div>\n\t\t\t\t<\/div>\n\t\t\t\t<div class=\"elementor-element elementor-element-fd3df71 elementor-view-stacked elementor-widget__width-initial elementor-shape-circle elementor-position-top elementor-mobile-position-top elementor-widget elementor-widget-icon-box\" data-id=\"fd3df71\" data-element_type=\"widget\" data-widget_type=\"icon-box.default\">\n\t\t\t\t<div class=\"elementor-widget-container\">\n\t\t\t\t\t<div class=\"elementor-icon-box-wrapper\">\n\n\t\t\t\t\t\t<div class=\"elementor-icon-box-icon\">\n\t\t\t\t<a href=\"tel:+385952255666\" class=\"elementor-icon elementor-animation-\" tabindex=\"-1\">\n\t\t\t\t<i aria-hidden=\"true\" class=\"fas fa-phone-alt\"><\/i>\t\t\t\t<\/a>\n\t\t\t<\/div>\n\t\t\t\n\t\t\t\t\t\t<div class=\"elementor-icon-box-content\">\n\n\t\t\t\t\t\t\t\t\t<div class=\"elementor-icon-box-title\">\n\t\t\t\t\t\t<a href=\"tel:+385952255666\" >\n\t\t\t\t\t\t\tPhone\t\t\t\t\t\t<\/a>\n\t\t\t\t\t<\/div>\n\t\t\t\t\n\t\t\t\t\t\t\t\t\t<p class=\"elementor-icon-box-description\">\n\t\t\t\t\t\t+385 95 225 5666\t\t\t\t\t<\/p>\n\t\t\t\t\n\t\t\t<\/div>\n\t\t\t\n\t\t<\/div>\n\t\t\t\t<\/div>\n\t\t\t\t<\/div>\n\t\t\t\t<div class=\"elementor-element elementor-element-285e9e5 elementor-view-stacked elementor-widget__width-initial elementor-shape-circle elementor-position-top elementor-mobile-position-top elementor-widget elementor-widget-icon-box\" data-id=\"285e9e5\" data-element_type=\"widget\" data-widget_type=\"icon-box.default\">\n\t\t\t\t<div class=\"elementor-widget-container\">\n\t\t\t\t\t<div class=\"elementor-icon-box-wrapper\">\n\n\t\t\t\t\t\t<div class=\"elementor-icon-box-icon\">\n\t\t\t\t<a href=\"mailto:zagreb@autotech.hr\" class=\"elementor-icon elementor-animation-\" tabindex=\"-1\">\n\t\t\t\t<i aria-hidden=\"true\" class=\"far fa-envelope\"><\/i>\t\t\t\t<\/a>\n\t\t\t<\/div>\n\t\t\t\n\t\t\t\t\t\t<div class=\"elementor-icon-box-content\">\n\n\t\t\t\t\t\t\t\t\t<div class=\"elementor-icon-box-title\">\n\t\t\t\t\t\t<a href=\"mailto:zagreb@autotech.hr\" >\n\t\t\t\t\t\t\tE-mail\t\t\t\t\t\t<\/a>\n\t\t\t\t\t<\/div>\n\t\t\t\t\n\t\t\t\t\t\t\t\t\t<p class=\"elementor-icon-box-description\">\n\t\t\t\t\t\tzagreb@autotech.hr\t\t\t\t\t<\/p>\n\t\t\t\t\n\t\t\t<\/div>\n\t\t\t\n\t\t<\/div>\n\t\t\t\t<\/div>\n\t\t\t\t<\/div>\n\t\t\t\t<div class=\"elementor-element elementor-element-d3bce00 elementor-view-stacked elementor-widget__width-initial elementor-shape-circle elementor-position-top elementor-mobile-position-top elementor-widget elementor-widget-icon-box\" data-id=\"d3bce00\" data-element_type=\"widget\" data-widget_type=\"icon-box.default\">\n\t\t\t\t<div class=\"elementor-widget-container\">\n\t\t\t\t\t<div class=\"elementor-icon-box-wrapper\">\n\n\t\t\t\t\t\t<div class=\"elementor-icon-box-icon\">\n\t\t\t\t<span  class=\"elementor-icon elementor-animation-\">\n\t\t\t\t<i aria-hidden=\"true\" class=\"far fa-clock\"><\/i>\t\t\t\t<\/span>\n\t\t\t<\/div>\n\t\t\t\n\t\t\t\t\t\t<div class=\"elementor-icon-box-content\">\n\n\t\t\t\t\t\t\t\t\t<div class=\"elementor-icon-box-title\">\n\t\t\t\t\t\t<span  >\n\t\t\t\t\t\t\tWorking hours\t\t\t\t\t\t<\/span>\n\t\t\t\t\t<\/div>\n\t\t\t\t\n\t\t\t\t\t\t\t\t\t<p class=\"elementor-icon-box-description\">\n\t\t\t\t\t\tMON\u2013FRI: 09:00\u201317:00\t\t\t\t\t<\/p>\n\t\t\t\t\n\t\t\t<\/div>\n\t\t\t\n\t\t<\/div>\n\t\t\t\t<\/div>\n\t\t\t\t<\/div>\n\t\t\t\t\t<\/div>\n\t\t\t\t<\/div>\n\t\t<div class=\"elementor-element elementor-element-1a54d3f e-flex e-con-boxed e-con e-parent\" data-id=\"1a54d3f\" data-element_type=\"container\">\n\t\t\t\t\t<div class=\"e-con-inner\">\n\t\t\t\t<div class=\"elementor-element elementor-element-0515195 elementor-widget__width-inherit elementor-widget elementor-widget-heading\" data-id=\"0515195\" data-element_type=\"widget\" data-widget_type=\"heading.default\">\n\t\t\t\t<div class=\"elementor-widget-container\">\n\t\t\t<div class=\"elementor-heading-title elementor-size-default\">Send us an inquiry<\/div>\t\t<\/div>\n\t\t\t\t<\/div>\n\t\t\t\t<div class=\"elementor-element elementor-element-df8af78 elementor-widget__width-initial elementor-widget elementor-widget-text-editor\" data-id=\"df8af78\" data-element_type=\"widget\" data-widget_type=\"text-editor.default\">\n\t\t\t\t<div class=\"elementor-widget-container\">\n\t\t\t\t\t\t\t<p>Contact us with any questions and our support team will do their best to provide an appropriate response to your request.<\/p>\t\t\t\t\t\t<\/div>\n\t\t\t\t<\/div>\n\t\t\t\t<div class=\"elementor-element elementor-element-0765fdf elementor-widget__width-initial elementor-button-align-stretch elementor-widget elementor-widget-form\" data-id=\"0765fdf\" data-element_type=\"widget\" data-settings=\"{&quot;step_next_label&quot;:&quot;Next&quot;,&quot;step_previous_label&quot;:&quot;Previous&quot;,&quot;button_width&quot;:&quot;100&quot;,&quot;step_type&quot;:&quot;number_text&quot;,&quot;step_icon_shape&quot;:&quot;circle&quot;}\" data-widget_type=\"form.default\">\n\t\t\t\t<div class=\"elementor-widget-container\">\n\t\t\t\t\t<form class=\"elementor-form\" method=\"post\" name=\"New Form\" action=\"\">\n\t\t\t<input type=\"hidden\" name=\"post_id\" value=\"5323\"\/>\n\t\t\t<input type=\"hidden\" name=\"form_id\" value=\"0765fdf\"\/>\n\t\t\t<input type=\"hidden\" name=\"referer_title\" value=\"Autotech.hr\" \/>\n\n\t\t\t\n\t\t\t<div class=\"elementor-form-fields-wrapper elementor-labels-above\">\n\t\t\t\t\t\t\t\t<div class=\"elementor-field-type-text elementor-field-group elementor-column elementor-field-group-name elementor-col-50\">\n\t\t\t\t\t\t\t\t\t\t\t\t<label for=\"form-field-name\" class=\"elementor-field-label\">\n\t\t\t\t\t\t\t\tName\t\t\t\t\t\t\t<\/label>\n\t\t\t\t\t\t\t\t\t\t\t\t\t\t<input size=\"1\" type=\"text\" name=\"form_fields[name]\" id=\"form-field-name\" class=\"elementor-field elementor-size-sm  elementor-field-textual\">\n\t\t\t\t\t\t\t\t\t\t\t<\/div>\n\t\t\t\t\t\t\t\t<div class=\"elementor-field-type-text elementor-field-group elementor-column elementor-field-group-field_404f365 elementor-col-50\">\n\t\t\t\t\t\t\t\t\t\t\t\t<label for=\"form-field-field_404f365\" class=\"elementor-field-label\">\n\t\t\t\t\t\t\t\tSurname\t\t\t\t\t\t\t<\/label>\n\t\t\t\t\t\t\t\t\t\t\t\t\t\t<input size=\"1\" type=\"text\" name=\"form_fields[field_404f365]\" id=\"form-field-field_404f365\" class=\"elementor-field elementor-size-sm  elementor-field-textual\">\n\t\t\t\t\t\t\t\t\t\t\t<\/div>\n\t\t\t\t\t\t\t\t<div class=\"elementor-field-type-text elementor-field-group elementor-column elementor-field-group-field_74d6e67 elementor-col-50 elementor-field-required elementor-mark-required\">\n\t\t\t\t\t\t\t\t\t\t\t\t<label for=\"form-field-field_74d6e67\" class=\"elementor-field-label\">\n\t\t\t\t\t\t\t\tPhone number\t\t\t\t\t\t\t<\/label>\n\t\t\t\t\t\t\t\t\t\t\t\t\t\t<input size=\"1\" type=\"text\" name=\"form_fields[field_74d6e67]\" id=\"form-field-field_74d6e67\" class=\"elementor-field elementor-size-sm  elementor-field-textual\" required=\"required\" aria-required=\"true\">\n\t\t\t\t\t\t\t\t\t\t\t<\/div>\n\t\t\t\t\t\t\t\t<div class=\"elementor-field-type-email elementor-field-group elementor-column elementor-field-group-email elementor-col-50 elementor-field-required elementor-mark-required\">\n\t\t\t\t\t\t\t\t\t\t\t\t<label for=\"form-field-email\" class=\"elementor-field-label\">\n\t\t\t\t\t\t\t\tE-mail\t\t\t\t\t\t\t<\/label>\n\t\t\t\t\t\t\t\t\t\t\t\t\t\t<input size=\"1\" type=\"email\" name=\"form_fields[email]\" id=\"form-field-email\" class=\"elementor-field elementor-size-sm  elementor-field-textual\" required=\"required\" aria-required=\"true\">\n\t\t\t\t\t\t\t\t\t\t\t<\/div>\n\t\t\t\t\t\t\t\t<div class=\"elementor-field-type-text elementor-field-group elementor-column elementor-field-group-field_971480c elementor-col-50 elementor-field-required elementor-mark-required\">\n\t\t\t\t\t\t\t\t\t\t\t\t<label for=\"form-field-field_971480c\" class=\"elementor-field-label\">\n\t\t\t\t\t\t\t\tCar make and model\t\t\t\t\t\t\t<\/label>\n\t\t\t\t\t\t\t\t\t\t\t\t\t\t<input size=\"1\" type=\"text\" name=\"form_fields[field_971480c]\" id=\"form-field-field_971480c\" class=\"elementor-field elementor-size-sm  elementor-field-textual\" required=\"required\" aria-required=\"true\">\n\t\t\t\t\t\t\t\t\t\t\t<\/div>\n\t\t\t\t\t\t\t\t<div class=\"elementor-field-type-text elementor-field-group elementor-column elementor-field-group-field_0d7fe36 elementor-col-50 elementor-field-required elementor-mark-required\">\n\t\t\t\t\t\t\t\t\t\t\t\t<label for=\"form-field-field_0d7fe36\" class=\"elementor-field-label\">\n\t\t\t\t\t\t\t\tYear of the vehicle\t\t\t\t\t\t\t<\/label>\n\t\t\t\t\t\t\t\t\t\t\t\t\t\t<input size=\"1\" type=\"text\" name=\"form_fields[field_0d7fe36]\" id=\"form-field-field_0d7fe36\" class=\"elementor-field elementor-size-sm  elementor-field-textual\" required=\"required\" aria-required=\"true\">\n\t\t\t\t\t\t\t\t\t\t\t<\/div>\n\t\t\t\t\t\t\t\t<div class=\"elementor-field-type-textarea elementor-field-group elementor-column elementor-field-group-message elementor-col-100\">\n\t\t\t\t\t\t\t\t\t\t\t\t<label for=\"form-field-message\" class=\"elementor-field-label\">\n\t\t\t\t\t\t\t\tMessage \/ Repair description\t\t\t\t\t\t\t<\/label>\n\t\t\t\t\t\t<textarea class=\"elementor-field-textual elementor-field  elementor-size-sm\" name=\"form_fields[message]\" id=\"form-field-message\" rows=\"4\"><\/textarea>\t\t\t\t<\/div>\n\t\t\t\t\t\t\t\t<div class=\"elementor-field-type-acceptance elementor-field-group elementor-column elementor-field-group-field_ac65e74 elementor-col-100 elementor-field-required elementor-mark-required\">\n\t\t\t\t\t\t\t\t\t\t\t\t<label for=\"form-field-field_ac65e74\" class=\"elementor-field-label\">\n\t\t\t\t\t\t\t\tGDPR\t\t\t\t\t\t\t<\/label>\n\t\t\t\t\t\t\t\t<div class=\"elementor-field-subgroup\">\n\t\t\t<span class=\"elementor-field-option\">\n\t\t\t\t<input type=\"checkbox\" name=\"form_fields[field_ac65e74]\" id=\"form-field-field_ac65e74\" class=\"elementor-field elementor-size-sm  elementor-acceptance-field\" required=\"required\" aria-required=\"true\">\n\t\t\t\t<label for=\"form-field-field_ac65e74\">I have read the Privacy Policy and agree to the Terms and Conditions.<\/label>\t\t\t<\/span>\n\t\t<\/div>\n\t\t\t\t\t\t<\/div>\n\t\t\t\t\t\t\t\t<div class=\"elementor-field-group elementor-column elementor-field-type-submit elementor-col-100 e-form__buttons\">\n\t\t\t\t\t<button class=\"elementor-button elementor-size-sm\" type=\"submit\">\n\t\t\t\t\t\t<span class=\"elementor-button-content-wrapper\">\n\t\t\t\t\t\t\t\t\t\t\t\t\t\t\t\t\t\t\t\t\t\t<span class=\"elementor-button-text\">Send us an inquiry<\/span>\n\t\t\t\t\t\t\t\t\t\t\t\t\t<\/span>\n\t\t\t\t\t<\/button>\n\t\t\t\t<\/div>\n\t\t\t<\/div>\n\t\t<input type=\"hidden\" name=\"trp-form-language\" value=\"en\"\/><\/form>\n\t\t\t\t<\/div>\n\t\t\t\t<\/div>\n\t\t\t\t\t<\/div>\n\t\t\t\t<\/div>\n\t\t\t\t<\/div>","protected":false},"excerpt":{"rendered":"<p>Kontakt Adresa Li\u010dka ulica 17, Zagreb Telefon +385 95 225 5666 Email zagreb@autotech.hr Radno vrijeme PON &#8211; PET: 09 &#8211; 17h Po\u0161aljite nam upit Javite nam se s nejasno\u0107ama i na\u0161a korisni\u010dka podr\u0161ka \u0107e nastojati dati odgovaraju\u0107i odgovor na Va\u0161 zahtjev.<\/p>","protected":false},"author":1,"featured_media":0,"parent":0,"menu_order":0,"comment_status":"closed","ping_status":"closed","template":"","meta":{"ocean_post_layout":"full-screen","ocean_both_sidebars_style":"","ocean_both_sidebars_content_width":0,"ocean_both_sidebars_sidebars_width":0,"ocean_sidebar":"0","ocean_second_sidebar":"0","ocean_disable_margins":"on","ocean_add_body_class":"","ocean_shortcode_before_top_bar":"","ocean_shortcode_after_top_bar":"","ocean_shortcode_before_header":"","ocean_shortcode_after_header":"","ocean_has_shortcode":"","ocean_shortcode_after_title":"","ocean_shortcode_before_footer_widgets":"","ocean_shortcode_after_footer_widgets":"","ocean_shortcode_before_footer_bottom":"","ocean_shortcode_after_footer_bottom":"","ocean_display_top_bar":"off","ocean_display_header":"default","ocean_header_style":"","ocean_center_header_left_menu":"0","ocean_custom_header_template":"0","ocean_custom_logo":0,"ocean_custom_retina_logo":0,"ocean_custom_logo_max_width":0,"ocean_custom_logo_tablet_max_width":0,"ocean_custom_logo_mobile_max_width":0,"ocean_custom_logo_max_height":0,"ocean_custom_logo_tablet_max_height":0,"ocean_custom_logo_mobile_max_height":0,"ocean_header_custom_menu":"0","ocean_menu_typo_font_family":"0","ocean_menu_typo_font_subset":"","ocean_menu_typo_font_size":0,"ocean_menu_typo_font_size_tablet":0,"ocean_menu_typo_font_size_mobile":0,"ocean_menu_typo_font_size_unit":"px","ocean_menu_typo_font_weight":"","ocean_menu_typo_font_weight_tablet":"","ocean_menu_typo_font_weight_mobile":"","ocean_menu_typo_transform":"","ocean_menu_typo_transform_tablet":"","ocean_menu_typo_transform_mobile":"","ocean_menu_typo_line_height":0,"ocean_menu_typo_line_height_tablet":0,"ocean_menu_typo_line_height_mobile":0,"ocean_menu_typo_line_height_unit":"","ocean_menu_typo_spacing":0,"ocean_menu_typo_spacing_tablet":0,"ocean_menu_typo_spacing_mobile":0,"ocean_menu_typo_spacing_unit":"","ocean_menu_link_color":"","ocean_menu_link_color_hover":"","ocean_menu_link_color_active":"","ocean_menu_link_background":"","ocean_menu_link_hover_background":"","ocean_menu_link_active_background":"","ocean_menu_social_links_bg":"","ocean_menu_social_hover_links_bg":"","ocean_menu_social_links_color":"","ocean_menu_social_hover_links_color":"","ocean_disable_title":"on","ocean_disable_heading":"on","ocean_post_title":"","ocean_post_subheading":"","ocean_post_title_style":"","ocean_post_title_background_color":"","ocean_post_title_background":0,"ocean_post_title_bg_image_position":"","ocean_post_title_bg_image_attachment":"","ocean_post_title_bg_image_repeat":"","ocean_post_title_bg_image_size":"","ocean_post_title_height":0,"ocean_post_title_bg_overlay":0.5,"ocean_post_title_bg_overlay_color":"","ocean_disable_breadcrumbs":"off","ocean_breadcrumbs_color":"","ocean_breadcrumbs_separator_color":"","ocean_breadcrumbs_links_color":"","ocean_breadcrumbs_links_hover_color":"","ocean_display_footer_widgets":"on","ocean_display_footer_bottom":"off","ocean_custom_footer_template":"0","footnotes":""},"class_list":["post-5323","page","type-page","status-publish","hentry","entry"],"yoast_head":"<!-- This site is optimized with the Yoast SEO plugin v23.3 - https:\/\/yoast.com\/wordpress\/plugins\/seo\/ -->\n<title>Kontakt Zagreb - Autotech.hr<\/title>\n<meta name=\"robots\" content=\"noindex, follow, max-snippet:-1, max-image-preview:large, max-video-preview:-1\" \/>\n<meta property=\"og:locale\" content=\"en_GB\" \/>\n<meta property=\"og:type\" content=\"article\" \/>\n<meta property=\"og:title\" content=\"Kontakt Zagreb - Autotech.hr\" \/>\n<meta property=\"og:description\" content=\"Kontakt Adresa Li\u010dka ulica 17, Zagreb Telefon +385 95 225 5666 Email zagreb@autotech.hr Radno vrijeme PON &#8211; PET: 09 &#8211; 17h Po\u0161aljite nam upit Javite nam se s nejasno\u0107ama i na\u0161a korisni\u010dka podr\u0161ka \u0107e nastojati dati odgovaraju\u0107i odgovor na Va\u0161 zahtjev.\" \/>\n<meta property=\"og:url\" content=\"https:\/\/autotech.aplikacije.hr\/en\/zagreb-kontakt\/\" \/>\n<meta property=\"og:site_name\" content=\"Autotech.hr\" \/>\n<meta property=\"article:modified_time\" content=\"2026-04-23T12:59:59+00:00\" \/>\n<meta name=\"twitter:card\" content=\"summary_large_image\" \/>\n<meta name=\"twitter:label1\" content=\"Estimated reading time\" \/>\n\t<meta name=\"twitter:data1\" content=\"1 minute\" \/>\n<script type=\"application\/ld+json\" class=\"yoast-schema-graph\">{\"@context\":\"https:\/\/schema.org\",\"@graph\":[{\"@type\":\"WebPage\",\"@id\":\"https:\/\/autotech.aplikacije.hr\/zagreb-kontakt\/\",\"url\":\"https:\/\/autotech.aplikacije.hr\/zagreb-kontakt\/\",\"name\":\"Kontakt Zagreb - Autotech.hr\",\"isPartOf\":{\"@id\":\"https:\/\/autotech.aplikacije.hr\/#website\"},\"datePublished\":\"2023-03-07T12:47:10+00:00\",\"dateModified\":\"2026-04-23T12:59:59+00:00\",\"breadcrumb\":{\"@id\":\"https:\/\/autotech.aplikacije.hr\/zagreb-kontakt\/#breadcrumb\"},\"inLanguage\":\"en-GB\",\"potentialAction\":[{\"@type\":\"ReadAction\",\"target\":[\"https:\/\/autotech.aplikacije.hr\/zagreb-kontakt\/\"]}]},{\"@type\":\"BreadcrumbList\",\"@id\":\"https:\/\/autotech.aplikacije.hr\/zagreb-kontakt\/#breadcrumb\",\"itemListElement\":[{\"@type\":\"ListItem\",\"position\":1,\"name\":\"Home\",\"item\":\"https:\/\/autotech.aplikacije.hr\/\"},{\"@type\":\"ListItem\",\"position\":2,\"name\":\"Kontakt Zagreb\"}]},{\"@type\":\"WebSite\",\"@id\":\"https:\/\/autotech.aplikacije.hr\/#website\",\"url\":\"https:\/\/autotech.aplikacije.hr\/\",\"name\":\"Autotech.hr\",\"description\":\"Auto servis Zagreb\",\"potentialAction\":[{\"@type\":\"SearchAction\",\"target\":{\"@type\":\"EntryPoint\",\"urlTemplate\":\"https:\/\/autotech.aplikacije.hr\/?s={search_term_string}\"},\"query-input\":\"required name=search_term_string\"}],\"inLanguage\":\"en-GB\"}]}<\/script>\n<!-- \/ Yoast SEO plugin. -->","yoast_head_json":{"title":"Kontakt Zagreb - Autotech.hr","robots":{"index":"noindex","follow":"follow","max-snippet":"max-snippet:-1","max-image-preview":"max-image-preview:large","max-video-preview":"max-video-preview:-1"},"og_locale":"en_GB","og_type":"article","og_title":"Kontakt Zagreb - Autotech.hr","og_description":"Kontakt Adresa Li\u010dka ulica 17, Zagreb Telefon +385 95 225 5666 Email zagreb@autotech.hr Radno vrijeme PON &#8211; PET: 09 &#8211; 17h Po\u0161aljite nam upit Javite nam se s nejasno\u0107ama i na\u0161a korisni\u010dka podr\u0161ka \u0107e nastojati dati odgovaraju\u0107i odgovor na Va\u0161 zahtjev.","og_url":"https:\/\/autotech.aplikacije.hr\/en\/zagreb-kontakt\/","og_site_name":"Autotech.hr","article_modified_time":"2026-04-23T12:59:59+00:00","twitter_card":"summary_large_image","twitter_misc":{"Estimated reading time":"1 minute"},"schema":{"@context":"https:\/\/schema.org","@graph":[{"@type":"WebPage","@id":"https:\/\/autotech.aplikacije.hr\/zagreb-kontakt\/","url":"https:\/\/autotech.aplikacije.hr\/zagreb-kontakt\/","name":"Kontakt Zagreb - Autotech.hr","isPartOf":{"@id":"https:\/\/autotech.aplikacije.hr\/#website"},"datePublished":"2023-03-07T12:47:10+00:00","dateModified":"2026-04-23T12:59:59+00:00","breadcrumb":{"@id":"https:\/\/autotech.aplikacije.hr\/zagreb-kontakt\/#breadcrumb"},"inLanguage":"en-GB","potentialAction":[{"@type":"ReadAction","target":["https:\/\/autotech.aplikacije.hr\/zagreb-kontakt\/"]}]},{"@type":"BreadcrumbList","@id":"https:\/\/autotech.aplikacije.hr\/zagreb-kontakt\/#breadcrumb","itemListElement":[{"@type":"ListItem","position":1,"name":"Home","item":"https:\/\/autotech.aplikacije.hr\/"},{"@type":"ListItem","position":2,"name":"Kontakt Zagreb"}]},{"@type":"WebSite","@id":"https:\/\/autotech.aplikacije.hr\/#website","url":"https:\/\/autotech.aplikacije.hr\/","name":"Autotech.hr","description":"Auto servis Zagreb","potentialAction":[{"@type":"SearchAction","target":{"@type":"EntryPoint","urlTemplate":"https:\/\/autotech.aplikacije.hr\/?s={search_term_string}"},"query-input":"required name=search_term_string"}],"inLanguage":"en-GB"}]}},"_links":{"self":[{"href":"https:\/\/autotech.aplikacije.hr\/en\/wp-json\/wp\/v2\/pages\/5323","targetHints":{"allow":["GET"]}}],"collection":[{"href":"https:\/\/autotech.aplikacije.hr\/en\/wp-json\/wp\/v2\/pages"}],"about":[{"href":"https:\/\/autotech.aplikacije.hr\/en\/wp-json\/wp\/v2\/types\/page"}],"author":[{"embeddable":true,"href":"https:\/\/autotech.aplikacije.hr\/en\/wp-json\/wp\/v2\/users\/1"}],"replies":[{"embeddable":true,"href":"https:\/\/autotech.aplikacije.hr\/en\/wp-json\/wp\/v2\/comments?post=5323"}],"version-history":[{"count":76,"href":"https:\/\/autotech.aplikacije.hr\/en\/wp-json\/wp\/v2\/pages\/5323\/revisions"}],"predecessor-version":[{"id":9897,"href":"https:\/\/autotech.aplikacije.hr\/en\/wp-json\/wp\/v2\/pages\/5323\/revisions\/9897"}],"wp:attachment":[{"href":"https:\/\/autotech.aplikacije.hr\/en\/wp-json\/wp\/v2\/media?parent=5323"}],"curies":[{"name":"wp","href":"https:\/\/api.w.org\/{rel}","templated":true}]}}